{"id":257,"date":"2012-09-07T12:54:49","date_gmt":"2012-09-07T15:54:49","guid":{"rendered":"http:\/\/dream-dev.net\/dummy\/?page_id=257"},"modified":"2023-08-02T07:33:44","modified_gmt":"2023-08-02T10:33:44","slug":"fancy-tile-slider","status":"publish","type":"page","link":"http:\/\/tendenciaseguranca.com.br\/home\/","title":{"rendered":"Home"},"content":{"rendered":"<p>[vc_row][vc_column][vc_empty_space height=&#8221;52px&#8221;]<div class=\"dt-fancy-separator h3-size style-dashed accent-border-color\" style=\"width: 100%;\"><div class=\"dt-fancy-title bg-on\"><span class=\"separator-holder separator-left\"><\/span>Siga-nos no Instagram<span class=\"separator-holder separator-right\"><\/span><\/div><\/div>[vc_empty_space][vc_column_text]\r\n<div id=\"sb_instagram\"  class=\"sbi sbi_mob_col_1 sbi_tab_col_2 sbi_col_5 sbi_width_resp\" style=\"padding-bottom: 10px;\" data-feedid=\"*1\"  data-res=\"auto\" data-cols=\"5\" data-colsmobile=\"1\" data-colstablet=\"2\" data-num=\"5\" data-nummobile=\"5\" data-shortcode-atts=\"{&quot;feed&quot;:&quot;1&quot;}\"  data-postid=\"257\" data-locatornonce=\"331f4bdad8\" data-sbi-flags=\"favorLocal\">\r\n\t\r\n    <div id=\"sbi_images\"  style=\"padding: 5px;\">\r\n\t\t<div class=\"sbi_item sbi_type_image sbi_new sbi_transition\" id=\"sbi_17866529343080271\" data-date=\"1708701510\">\r\n    <div class=\"sbi_photo_wrap\">\r\n        <a class=\"sbi_photo\" href=\"https:\/\/www.instagram.com\/p\/C3sdui8L3pU\/\" target=\"_blank\" rel=\"noopener nofollow\" data-full-res=\"https:\/\/scontent-gru2-1.cdninstagram.com\/v\/t51.29350-15\/409082836_294542133375580_5086180190614820735_n.heic?stp=dst-jpg&#038;_nc_cat=101&#038;ccb=1-7&#038;_nc_sid=18de74&#038;_nc_ohc=zFVWc3WzEjcAX-hPSl0&#038;_nc_ht=scontent-gru2-1.cdninstagram.com&#038;edm=ANo9K5cEAAAA&#038;oh=00_AfBI3dbIFFwuiSnQJeIh5Wh2yIQ2Oh9-OVsXK1PrAXgX-A&#038;oe=65DF1B39\" data-img-src-set=\"{&quot;d&quot;:&quot;https:\\\/\\\/scontent-gru2-1.cdninstagram.com\\\/v\\\/t51.29350-15\\\/409082836_294542133375580_5086180190614820735_n.heic?stp=dst-jpg&amp;_nc_cat=101&amp;ccb=1-7&amp;_nc_sid=18de74&amp;_nc_ohc=zFVWc3WzEjcAX-hPSl0&amp;_nc_ht=scontent-gru2-1.cdninstagram.com&amp;edm=ANo9K5cEAAAA&amp;oh=00_AfBI3dbIFFwuiSnQJeIh5Wh2yIQ2Oh9-OVsXK1PrAXgX-A&amp;oe=65DF1B39&quot;,&quot;150&quot;:&quot;https:\\\/\\\/scontent-gru2-1.cdninstagram.com\\\/v\\\/t51.29350-15\\\/409082836_294542133375580_5086180190614820735_n.heic?stp=dst-jpg&amp;_nc_cat=101&amp;ccb=1-7&amp;_nc_sid=18de74&amp;_nc_ohc=zFVWc3WzEjcAX-hPSl0&amp;_nc_ht=scontent-gru2-1.cdninstagram.com&amp;edm=ANo9K5cEAAAA&amp;oh=00_AfBI3dbIFFwuiSnQJeIh5Wh2yIQ2Oh9-OVsXK1PrAXgX-A&amp;oe=65DF1B39&quot;,&quot;320&quot;:&quot;https:\\\/\\\/scontent-gru2-1.cdninstagram.com\\\/v\\\/t51.29350-15\\\/409082836_294542133375580_5086180190614820735_n.heic?stp=dst-jpg&amp;_nc_cat=101&amp;ccb=1-7&amp;_nc_sid=18de74&amp;_nc_ohc=zFVWc3WzEjcAX-hPSl0&amp;_nc_ht=scontent-gru2-1.cdninstagram.com&amp;edm=ANo9K5cEAAAA&amp;oh=00_AfBI3dbIFFwuiSnQJeIh5Wh2yIQ2Oh9-OVsXK1PrAXgX-A&amp;oe=65DF1B39&quot;,&quot;640&quot;:&quot;https:\\\/\\\/scontent-gru2-1.cdninstagram.com\\\/v\\\/t51.29350-15\\\/409082836_294542133375580_5086180190614820735_n.heic?stp=dst-jpg&amp;_nc_cat=101&amp;ccb=1-7&amp;_nc_sid=18de74&amp;_nc_ohc=zFVWc3WzEjcAX-hPSl0&amp;_nc_ht=scontent-gru2-1.cdninstagram.com&amp;edm=ANo9K5cEAAAA&amp;oh=00_AfBI3dbIFFwuiSnQJeIh5Wh2yIQ2Oh9-OVsXK1PrAXgX-A&amp;oe=65DF1B39&quot;}\">\r\n            <span class=\"sbi-screenreader\">Instagram post 17866529343080271<\/span>\r\n            \t                    <img src=\"http:\/\/tendenciaseguranca.com.br\/home\/wp-content\/plugins\/instagram-feed\/img\/placeholder.png\" alt=\"Instagram post 17866529343080271\">\r\n        <\/a>\r\n    <\/div>\r\n<\/div><div class=\"sbi_item sbi_type_image sbi_new sbi_transition\" id=\"sbi_18291030157155610\" data-date=\"1703445092\">\r\n    <div class=\"sbi_photo_wrap\">\r\n        <a class=\"sbi_photo\" href=\"https:\/\/www.instagram.com\/p\/C1Pz5_PpDR_\/\" target=\"_blank\" rel=\"noopener nofollow\" data-full-res=\"https:\/\/scontent-gru2-1.cdninstagram.com\/v\/t51.29350-15\/412730937_6412370378867442_2641175778712328384_n.webp?stp=dst-jpg&#038;_nc_cat=101&#038;ccb=1-7&#038;_nc_sid=18de74&#038;_nc_ohc=7W8xxpjGGmsAX84HSl6&#038;_nc_ht=scontent-gru2-1.cdninstagram.com&#038;edm=ANo9K5cEAAAA&#038;oh=00_AfAhH6VMkjCS-ZGJuvIrLBcXlcq13Nsy5-iRNGzImKtXhA&#038;oe=65DF0346\" data-img-src-set=\"{&quot;d&quot;:&quot;https:\\\/\\\/scontent-gru2-1.cdninstagram.com\\\/v\\\/t51.29350-15\\\/412730937_6412370378867442_2641175778712328384_n.webp?stp=dst-jpg&amp;_nc_cat=101&amp;ccb=1-7&amp;_nc_sid=18de74&amp;_nc_ohc=7W8xxpjGGmsAX84HSl6&amp;_nc_ht=scontent-gru2-1.cdninstagram.com&amp;edm=ANo9K5cEAAAA&amp;oh=00_AfAhH6VMkjCS-ZGJuvIrLBcXlcq13Nsy5-iRNGzImKtXhA&amp;oe=65DF0346&quot;,&quot;150&quot;:&quot;https:\\\/\\\/scontent-gru2-1.cdninstagram.com\\\/v\\\/t51.29350-15\\\/412730937_6412370378867442_2641175778712328384_n.webp?stp=dst-jpg&amp;_nc_cat=101&amp;ccb=1-7&amp;_nc_sid=18de74&amp;_nc_ohc=7W8xxpjGGmsAX84HSl6&amp;_nc_ht=scontent-gru2-1.cdninstagram.com&amp;edm=ANo9K5cEAAAA&amp;oh=00_AfAhH6VMkjCS-ZGJuvIrLBcXlcq13Nsy5-iRNGzImKtXhA&amp;oe=65DF0346&quot;,&quot;320&quot;:&quot;https:\\\/\\\/scontent-gru2-1.cdninstagram.com\\\/v\\\/t51.29350-15\\\/412730937_6412370378867442_2641175778712328384_n.webp?stp=dst-jpg&amp;_nc_cat=101&amp;ccb=1-7&amp;_nc_sid=18de74&amp;_nc_ohc=7W8xxpjGGmsAX84HSl6&amp;_nc_ht=scontent-gru2-1.cdninstagram.com&amp;edm=ANo9K5cEAAAA&amp;oh=00_AfAhH6VMkjCS-ZGJuvIrLBcXlcq13Nsy5-iRNGzImKtXhA&amp;oe=65DF0346&quot;,&quot;640&quot;:&quot;https:\\\/\\\/scontent-gru2-1.cdninstagram.com\\\/v\\\/t51.29350-15\\\/412730937_6412370378867442_2641175778712328384_n.webp?stp=dst-jpg&amp;_nc_cat=101&amp;ccb=1-7&amp;_nc_sid=18de74&amp;_nc_ohc=7W8xxpjGGmsAX84HSl6&amp;_nc_ht=scontent-gru2-1.cdninstagram.com&amp;edm=ANo9K5cEAAAA&amp;oh=00_AfAhH6VMkjCS-ZGJuvIrLBcXlcq13Nsy5-iRNGzImKtXhA&amp;oe=65DF0346&quot;}\">\r\n            <span class=\"sbi-screenreader\">Instagram post 18291030157155610<\/span>\r\n            \t                    <img src=\"http:\/\/tendenciaseguranca.com.br\/home\/wp-content\/plugins\/instagram-feed\/img\/placeholder.png\" alt=\"Instagram post 18291030157155610\">\r\n        <\/a>\r\n    <\/div>\r\n<\/div><div class=\"sbi_item sbi_type_image sbi_new sbi_transition\" id=\"sbi_17980987556544330\" data-date=\"1700419840\">\r\n    <div class=\"sbi_photo_wrap\">\r\n        <a class=\"sbi_photo\" href=\"https:\/\/www.instagram.com\/p\/Cz1pskdJ04q\/\" target=\"_blank\" rel=\"noopener nofollow\" data-full-res=\"https:\/\/scontent-gru2-1.cdninstagram.com\/v\/t51.29350-15\/403266168_316678664490397_1238415639915295626_n.webp?stp=dst-jpg&#038;_nc_cat=103&#038;ccb=1-7&#038;_nc_sid=18de74&#038;_nc_ohc=A-MsrT-ltRkAX8qaxw5&#038;_nc_oc=AQnNrZZeNtHb7-jmfSH6xOYWlkSpZfwPcGWs9Kv60f8D0mGnjh-ZeEKo_Crtj8DQLes&#038;_nc_ht=scontent-gru2-1.cdninstagram.com&#038;edm=ANo9K5cEAAAA&#038;oh=00_AfAsLiKUuvB1BjdbukJ84-dF-sgyKih-Ps0cfIdeuM5zjA&#038;oe=65DF14B8\" data-img-src-set=\"{&quot;d&quot;:&quot;https:\\\/\\\/scontent-gru2-1.cdninstagram.com\\\/v\\\/t51.29350-15\\\/403266168_316678664490397_1238415639915295626_n.webp?stp=dst-jpg&amp;_nc_cat=103&amp;ccb=1-7&amp;_nc_sid=18de74&amp;_nc_ohc=A-MsrT-ltRkAX8qaxw5&amp;_nc_oc=AQnNrZZeNtHb7-jmfSH6xOYWlkSpZfwPcGWs9Kv60f8D0mGnjh-ZeEKo_Crtj8DQLes&amp;_nc_ht=scontent-gru2-1.cdninstagram.com&amp;edm=ANo9K5cEAAAA&amp;oh=00_AfAsLiKUuvB1BjdbukJ84-dF-sgyKih-Ps0cfIdeuM5zjA&amp;oe=65DF14B8&quot;,&quot;150&quot;:&quot;https:\\\/\\\/scontent-gru2-1.cdninstagram.com\\\/v\\\/t51.29350-15\\\/403266168_316678664490397_1238415639915295626_n.webp?stp=dst-jpg&amp;_nc_cat=103&amp;ccb=1-7&amp;_nc_sid=18de74&amp;_nc_ohc=A-MsrT-ltRkAX8qaxw5&amp;_nc_oc=AQnNrZZeNtHb7-jmfSH6xOYWlkSpZfwPcGWs9Kv60f8D0mGnjh-ZeEKo_Crtj8DQLes&amp;_nc_ht=scontent-gru2-1.cdninstagram.com&amp;edm=ANo9K5cEAAAA&amp;oh=00_AfAsLiKUuvB1BjdbukJ84-dF-sgyKih-Ps0cfIdeuM5zjA&amp;oe=65DF14B8&quot;,&quot;320&quot;:&quot;https:\\\/\\\/scontent-gru2-1.cdninstagram.com\\\/v\\\/t51.29350-15\\\/403266168_316678664490397_1238415639915295626_n.webp?stp=dst-jpg&amp;_nc_cat=103&amp;ccb=1-7&amp;_nc_sid=18de74&amp;_nc_ohc=A-MsrT-ltRkAX8qaxw5&amp;_nc_oc=AQnNrZZeNtHb7-jmfSH6xOYWlkSpZfwPcGWs9Kv60f8D0mGnjh-ZeEKo_Crtj8DQLes&amp;_nc_ht=scontent-gru2-1.cdninstagram.com&amp;edm=ANo9K5cEAAAA&amp;oh=00_AfAsLiKUuvB1BjdbukJ84-dF-sgyKih-Ps0cfIdeuM5zjA&amp;oe=65DF14B8&quot;,&quot;640&quot;:&quot;https:\\\/\\\/scontent-gru2-1.cdninstagram.com\\\/v\\\/t51.29350-15\\\/403266168_316678664490397_1238415639915295626_n.webp?stp=dst-jpg&amp;_nc_cat=103&amp;ccb=1-7&amp;_nc_sid=18de74&amp;_nc_ohc=A-MsrT-ltRkAX8qaxw5&amp;_nc_oc=AQnNrZZeNtHb7-jmfSH6xOYWlkSpZfwPcGWs9Kv60f8D0mGnjh-ZeEKo_Crtj8DQLes&amp;_nc_ht=scontent-gru2-1.cdninstagram.com&amp;edm=ANo9K5cEAAAA&amp;oh=00_AfAsLiKUuvB1BjdbukJ84-dF-sgyKih-Ps0cfIdeuM5zjA&amp;oe=65DF14B8&quot;}\">\r\n            <span class=\"sbi-screenreader\">\ud83d\udd0b\ud83c\udfe1<\/span>\r\n            \t                    <img src=\"http:\/\/tendenciaseguranca.com.br\/home\/wp-content\/plugins\/instagram-feed\/img\/placeholder.png\" alt=\"\ud83d\udd0b\ud83c\udfe1\">\r\n        <\/a>\r\n    <\/div>\r\n<\/div><div class=\"sbi_item sbi_type_image sbi_new sbi_transition\" id=\"sbi_18052349392464051\" data-date=\"1694064908\">\r\n    <div class=\"sbi_photo_wrap\">\r\n        <a class=\"sbi_photo\" href=\"https:\/\/www.instagram.com\/p\/Cw4QoBVu8kc\/\" target=\"_blank\" rel=\"noopener nofollow\" data-full-res=\"https:\/\/scontent-gru2-1.cdninstagram.com\/v\/t51.29350-15\/375495158_117077028159040_7530301376309694028_n.heic?stp=dst-jpg&#038;_nc_cat=109&#038;ccb=1-7&#038;_nc_sid=18de74&#038;_nc_ohc=01oT_PSjf0cAX-62521&#038;_nc_ht=scontent-gru2-1.cdninstagram.com&#038;edm=ANo9K5cEAAAA&#038;oh=00_AfC3aLeWgMI-QUWNX5hoGqSz4tXILcUAPTyRqf_v2sOWgQ&#038;oe=65DEA355\" data-img-src-set=\"{&quot;d&quot;:&quot;https:\\\/\\\/scontent-gru2-1.cdninstagram.com\\\/v\\\/t51.29350-15\\\/375495158_117077028159040_7530301376309694028_n.heic?stp=dst-jpg&amp;_nc_cat=109&amp;ccb=1-7&amp;_nc_sid=18de74&amp;_nc_ohc=01oT_PSjf0cAX-62521&amp;_nc_ht=scontent-gru2-1.cdninstagram.com&amp;edm=ANo9K5cEAAAA&amp;oh=00_AfC3aLeWgMI-QUWNX5hoGqSz4tXILcUAPTyRqf_v2sOWgQ&amp;oe=65DEA355&quot;,&quot;150&quot;:&quot;https:\\\/\\\/scontent-gru2-1.cdninstagram.com\\\/v\\\/t51.29350-15\\\/375495158_117077028159040_7530301376309694028_n.heic?stp=dst-jpg&amp;_nc_cat=109&amp;ccb=1-7&amp;_nc_sid=18de74&amp;_nc_ohc=01oT_PSjf0cAX-62521&amp;_nc_ht=scontent-gru2-1.cdninstagram.com&amp;edm=ANo9K5cEAAAA&amp;oh=00_AfC3aLeWgMI-QUWNX5hoGqSz4tXILcUAPTyRqf_v2sOWgQ&amp;oe=65DEA355&quot;,&quot;320&quot;:&quot;https:\\\/\\\/scontent-gru2-1.cdninstagram.com\\\/v\\\/t51.29350-15\\\/375495158_117077028159040_7530301376309694028_n.heic?stp=dst-jpg&amp;_nc_cat=109&amp;ccb=1-7&amp;_nc_sid=18de74&amp;_nc_ohc=01oT_PSjf0cAX-62521&amp;_nc_ht=scontent-gru2-1.cdninstagram.com&amp;edm=ANo9K5cEAAAA&amp;oh=00_AfC3aLeWgMI-QUWNX5hoGqSz4tXILcUAPTyRqf_v2sOWgQ&amp;oe=65DEA355&quot;,&quot;640&quot;:&quot;https:\\\/\\\/scontent-gru2-1.cdninstagram.com\\\/v\\\/t51.29350-15\\\/375495158_117077028159040_7530301376309694028_n.heic?stp=dst-jpg&amp;_nc_cat=109&amp;ccb=1-7&amp;_nc_sid=18de74&amp;_nc_ohc=01oT_PSjf0cAX-62521&amp;_nc_ht=scontent-gru2-1.cdninstagram.com&amp;edm=ANo9K5cEAAAA&amp;oh=00_AfC3aLeWgMI-QUWNX5hoGqSz4tXILcUAPTyRqf_v2sOWgQ&amp;oe=65DEA355&quot;}\">\r\n            <span class=\"sbi-screenreader\">\ud83c\udde7\ud83c\uddf7\ud83d\udd14 &quot;Neste Dia da Independ\u00eancia do Brasi<\/span>\r\n            \t                    <img src=\"http:\/\/tendenciaseguranca.com.br\/home\/wp-content\/plugins\/instagram-feed\/img\/placeholder.png\" alt=\"\ud83c\udde7\ud83c\uddf7\ud83d\udd14 &quot;Neste Dia da Independ\u00eancia do Brasil, celebramos nossa na\u00e7\u00e3o como um s\u00edmbolo de coragem e liberdade. H\u00e1 201 anos, conquistamos nossa independ\u00eancia e hoje continuamos a escrever nossa hist\u00f3ria com determina\u00e7\u00e3o. Viva o Brasil! \ud83c\udf89\ud83c\udde7\ud83c\uddf7 #IndependenciaDoBrasil #OrgulhoNacional&quot;\">\r\n        <\/a>\r\n    <\/div>\r\n<\/div><div class=\"sbi_item sbi_type_image sbi_new sbi_transition\" id=\"sbi_18067150903424574\" data-date=\"1693666996\">\r\n    <div class=\"sbi_photo_wrap\">\r\n        <a class=\"sbi_photo\" href=\"https:\/\/www.instagram.com\/p\/CwsZqzvui-F\/\" target=\"_blank\" rel=\"noopener nofollow\" data-full-res=\"https:\/\/scontent-gru2-1.cdninstagram.com\/v\/t51.29350-15\/372853980_1036885000661436_846611403339846312_n.jpg?_nc_cat=109&#038;ccb=1-7&#038;_nc_sid=18de74&#038;_nc_ohc=3L8jkpstiUYAX_zv6Ca&#038;_nc_ht=scontent-gru2-1.cdninstagram.com&#038;edm=ANo9K5cEAAAA&#038;oh=00_AfCUKokOGM5yeqHfr0Zemlh80K0h2qy54NHvciYo6Lf9VA&#038;oe=65DDDA5E\" data-img-src-set=\"{&quot;d&quot;:&quot;https:\\\/\\\/scontent-gru2-1.cdninstagram.com\\\/v\\\/t51.29350-15\\\/372853980_1036885000661436_846611403339846312_n.jpg?_nc_cat=109&amp;ccb=1-7&amp;_nc_sid=18de74&amp;_nc_ohc=3L8jkpstiUYAX_zv6Ca&amp;_nc_ht=scontent-gru2-1.cdninstagram.com&amp;edm=ANo9K5cEAAAA&amp;oh=00_AfCUKokOGM5yeqHfr0Zemlh80K0h2qy54NHvciYo6Lf9VA&amp;oe=65DDDA5E&quot;,&quot;150&quot;:&quot;https:\\\/\\\/scontent-gru2-1.cdninstagram.com\\\/v\\\/t51.29350-15\\\/372853980_1036885000661436_846611403339846312_n.jpg?_nc_cat=109&amp;ccb=1-7&amp;_nc_sid=18de74&amp;_nc_ohc=3L8jkpstiUYAX_zv6Ca&amp;_nc_ht=scontent-gru2-1.cdninstagram.com&amp;edm=ANo9K5cEAAAA&amp;oh=00_AfCUKokOGM5yeqHfr0Zemlh80K0h2qy54NHvciYo6Lf9VA&amp;oe=65DDDA5E&quot;,&quot;320&quot;:&quot;https:\\\/\\\/scontent-gru2-1.cdninstagram.com\\\/v\\\/t51.29350-15\\\/372853980_1036885000661436_846611403339846312_n.jpg?_nc_cat=109&amp;ccb=1-7&amp;_nc_sid=18de74&amp;_nc_ohc=3L8jkpstiUYAX_zv6Ca&amp;_nc_ht=scontent-gru2-1.cdninstagram.com&amp;edm=ANo9K5cEAAAA&amp;oh=00_AfCUKokOGM5yeqHfr0Zemlh80K0h2qy54NHvciYo6Lf9VA&amp;oe=65DDDA5E&quot;,&quot;640&quot;:&quot;https:\\\/\\\/scontent-gru2-1.cdninstagram.com\\\/v\\\/t51.29350-15\\\/372853980_1036885000661436_846611403339846312_n.jpg?_nc_cat=109&amp;ccb=1-7&amp;_nc_sid=18de74&amp;_nc_ohc=3L8jkpstiUYAX_zv6Ca&amp;_nc_ht=scontent-gru2-1.cdninstagram.com&amp;edm=ANo9K5cEAAAA&amp;oh=00_AfCUKokOGM5yeqHfr0Zemlh80K0h2qy54NHvciYo6Lf9VA&amp;oe=65DDDA5E&quot;}\">\r\n            <span class=\"sbi-screenreader\">Hoje \u00e9 o dia de celebrar Blumenau em grande estil<\/span>\r\n            \t                    <img src=\"http:\/\/tendenciaseguranca.com.br\/home\/wp-content\/plugins\/instagram-feed\/img\/placeholder.png\" alt=\"Hoje \u00e9 o dia de celebrar Blumenau em grande estilo! \ud83c\udf89\ud83c\udf88 H\u00e1 173 anos, nossa cidade encanta a todos com sua beleza, cultura e tradi\u00e7\u00f5es \u00fanicas. \ud83c\udfde\ufe0f\u2728\n\nQue este anivers\u00e1rio seja repleto de alegria, amor e uni\u00e3o entre todos os blumenauenses! \ud83e\udd17\u2764\ufe0f Afinal, \u00e9 a nossa cidade que nos une e nos enche de orgulho. \ud83c\udf06\ud83d\udc99\n\n#Blumenau #Anivers\u00e1rioDaCidade #AmoBlumenau #173anos #santacatarina\">\r\n        <\/a>\r\n    <\/div>\r\n<\/div>    <\/div>\r\n\r\n\t<div id=\"sbi_load\" >\r\n\r\n\t\t\t<a class=\"sbi_load_btn\" href=\"javascript:void(0);\">\r\n\t\t\t<span class=\"sbi_btn_text\">Ver Mais<\/span>\r\n\t\t\t<span class=\"sbi_loader sbi_hidden\" style=\"background-color: rgb(255, 255, 255);\" aria-hidden=\"true\"><\/span>\r\n\t\t<\/a>\r\n\t\r\n\t\t\t<span class=\"sbi_follow_btn sbi_custom\">\r\n        <a href=\"https:\/\/www.instagram.com\/grupo_tendencia_\/\" style=\"background: rgb(162,149,114);\" target=\"_blank\" rel=\"nofollow noopener\">\r\n            <svg class=\"svg-inline--fa fa-instagram fa-w-14\" aria-hidden=\"true\" data-fa-processed=\"\" aria-label=\"Instagram\" data-prefix=\"fab\" data-icon=\"instagram\" role=\"img\" viewBox=\"0 0 448 512\">\n\t                <path fill=\"currentColor\" d=\"M224.1 141c-63.6 0-114.9 51.3-114.9 114.9s51.3 114.9 114.9 114.9S339 319.5 339 255.9 287.7 141 224.1 141zm0 189.6c-41.1 0-74.7-33.5-74.7-74.7s33.5-74.7 74.7-74.7 74.7 33.5 74.7 74.7-33.6 74.7-74.7 74.7zm146.4-194.3c0 14.9-12 26.8-26.8 26.8-14.9 0-26.8-12-26.8-26.8s12-26.8 26.8-26.8 26.8 12 26.8 26.8zm76.1 27.2c-1.7-35.9-9.9-67.7-36.2-93.9-26.2-26.2-58-34.4-93.9-36.2-37-2.1-147.9-2.1-184.9 0-35.8 1.7-67.6 9.9-93.9 36.1s-34.4 58-36.2 93.9c-2.1 37-2.1 147.9 0 184.9 1.7 35.9 9.9 67.7 36.2 93.9s58 34.4 93.9 36.2c37 2.1 147.9 2.1 184.9 0 35.9-1.7 67.7-9.9 93.9-36.2 26.2-26.2 34.4-58 36.2-93.9 2.1-37 2.1-147.8 0-184.8zM398.8 388c-7.8 19.6-22.9 34.7-42.6 42.6-29.5 11.7-99.5 9-132.1 9s-102.7 2.6-132.1-9c-19.6-7.8-34.7-22.9-42.6-42.6-11.7-29.5-9-99.5-9-132.1s-2.6-102.7 9-132.1c7.8-19.6 22.9-34.7 42.6-42.6 29.5-11.7 99.5-9 132.1-9s102.7-2.6 132.1 9c19.6 7.8 34.7 22.9 42.6 42.6 11.7 29.5 9 99.5 9 132.1s2.7 102.7-9 132.1z\"><\/path>\n\t            <\/svg>            <span>Siga-nos no Instagram<\/span>\r\n        <\/a>\r\n    <\/span>\r\n\t\r\n<\/div>\r\n\r\n\t    <span class=\"sbi_resized_image_data\" data-feed-id=\"*1\" data-resized=\"{&quot;18067150903424574&quot;:{&quot;id&quot;:&quot;372853980_1036885000661436_846611403339846312_n&quot;,&quot;ratio&quot;:&quot;1.00&quot;,&quot;sizes&quot;:{&quot;full&quot;:640,&quot;low&quot;:320,&quot;thumb&quot;:150}},&quot;18052349392464051&quot;:{&quot;id&quot;:&quot;375495158_117077028159040_7530301376309694028_n.heic&quot;,&quot;ratio&quot;:&quot;1.00&quot;,&quot;sizes&quot;:{&quot;full&quot;:640,&quot;low&quot;:320,&quot;thumb&quot;:150}},&quot;17980987556544330&quot;:{&quot;id&quot;:&quot;403266168_316678664490397_1238415639915295626_n.webp&quot;,&quot;ratio&quot;:&quot;0.80&quot;,&quot;sizes&quot;:{&quot;full&quot;:640,&quot;low&quot;:320,&quot;thumb&quot;:150}},&quot;18291030157155610&quot;:{&quot;id&quot;:&quot;412730937_6412370378867442_2641175778712328384_n.webp&quot;,&quot;ratio&quot;:&quot;1.00&quot;,&quot;sizes&quot;:{&quot;full&quot;:640,&quot;low&quot;:320,&quot;thumb&quot;:150}},&quot;17866529343080271&quot;:{&quot;id&quot;:&quot;409082836_294542133375580_5086180190614820735_n.heic&quot;,&quot;ratio&quot;:&quot;1.00&quot;,&quot;sizes&quot;:{&quot;full&quot;:640,&quot;low&quot;:320,&quot;thumb&quot;:150}}}\">\n\t<\/span>\n\t<\/div>\r\n\r\n[\/vc_column_text][\/vc_column][\/vc_row][vc_row][vc_column][vc_empty_space height=&#8221;52px&#8221;]<div class=\"dt-fancy-separator h3-size style-dashed accent-border-color\" style=\"width: 100%;\"><div class=\"dt-fancy-title bg-on\"><span class=\"separator-holder separator-left\"><\/span>Novidades<span class=\"separator-holder separator-right\"><\/span><\/div><\/div>[vc_empty_space]<div class=\"dt-blog-shortcode slider-wrapper arrows-light text-centered description-under-image\" data-padding-side=\"10\" data-autoslide=\"true\" data-delay=\"3000\" data-loop=\"true\"><div class=\"frame fullwidth-slider\"><ul class=\"clearfix\"><li class=\"fs-entry\">\n\n<article class=\"post post-4765 type-post status-publish format-standard has-post-thumbnail hentry category-noticias text-centered description-off\">\n\n\t<div class=\"blog-media wf-td\"><p><a href=\"http:\/\/tendenciaseguranca.com.br\/home\/seguranca-patrimonial-e-grande-preocupacao-de-condominios\/\" class=\"alignnone rollover\" ><img class=\"preload-me\" srcset=\"http:\/\/tendenciaseguranca.com.br\/home\/wp-content\/uploads\/2014\/08\/cobd-360x210.jpg 1x, http:\/\/tendenciaseguranca.com.br\/home\/wp-content\/uploads\/2014\/08\/cobd-608x355.jpg 2x\" alt=\"\" title=\"cobd\" width=\"360\" height=\"210\"  \/><\/a><\/p><\/div><div class=\"blog-content wf-td\">\n\n\t\t<h2 class=\"entry-title\">\n\t\t<a href=\"http:\/\/tendenciaseguranca.com.br\/home\/seguranca-patrimonial-e-grande-preocupacao-de-condominios\/\" title=\"Seguran\u00e7a patrimonial \u00e9 grande preocupa\u00e7\u00e3o de condom\u00ednios\" rel=\"bookmark\">Seguran\u00e7a patrimonial \u00e9 grande preocupa\u00e7\u00e3o de condom\u00ednios<\/a>\n\t<\/h2>\n\n\t\n\t\n\t\n\t\n<\/div>\n<\/article><!-- #post-4765 -->\n\n<\/li><li class=\"fs-entry\">\n\n<article class=\"post post-4761 type-post status-publish format-standard has-post-thumbnail hentry category-noticias text-centered description-off\">\n\n\t<div class=\"blog-media wf-td\"><p><a href=\"http:\/\/tendenciaseguranca.com.br\/home\/seguranca-patrimonial-nao-e-so-tranquilidade-mas-tambem-necessidade\/\" class=\"alignnone rollover\" ><img class=\"preload-me\" srcset=\"http:\/\/tendenciaseguranca.com.br\/home\/wp-content\/uploads\/2014\/08\/seguranca-patrimonial-423x210.jpg 1x, http:\/\/tendenciaseguranca.com.br\/home\/wp-content\/uploads\/2014\/08\/seguranca-patrimonial-698x347.jpg 2x\" alt=\"\" title=\"seguranca-patrimonial\" width=\"423\" height=\"210\"  \/><\/a><\/p><\/div><div class=\"blog-content wf-td\">\n\n\t\t<h2 class=\"entry-title\">\n\t\t<a href=\"http:\/\/tendenciaseguranca.com.br\/home\/seguranca-patrimonial-nao-e-so-tranquilidade-mas-tambem-necessidade\/\" title=\"Seguran\u00e7a patrimonial n\u00e3o \u00e9 s\u00f3 tranquilidade, mas tamb\u00e9m necessidade\" rel=\"bookmark\">Seguran\u00e7a patrimonial n\u00e3o \u00e9 s\u00f3 tranquilidade, mas tamb\u00e9m necessidade<\/a>\n\t<\/h2>\n\n\t\n\t\n\t\n\t\n<\/div>\n<\/article><!-- #post-4761 -->\n\n<\/li><li class=\"fs-entry\">\n\n<article class=\"post post-4755 type-post status-publish format-standard has-post-thumbnail hentry category-noticias text-centered description-off\">\n\n\t<div class=\"blog-media wf-td\"><p><a href=\"http:\/\/tendenciaseguranca.com.br\/home\/antecedente-criminal-impede-trabalho-como-seguranca-armado\/\" class=\"alignnone rollover\" ><img class=\"preload-me\" srcset=\"http:\/\/tendenciaseguranca.com.br\/home\/wp-content\/uploads\/2014\/08\/escolta-armada-365x210.jpg 1x, http:\/\/tendenciaseguranca.com.br\/home\/wp-content\/uploads\/2014\/08\/escolta-armada.jpg 2x\" alt=\"\" title=\"escolta-armada\" width=\"365\" height=\"210\"  \/><\/a><\/p><\/div><div class=\"blog-content wf-td\">\n\n\t\t<h2 class=\"entry-title\">\n\t\t<a href=\"http:\/\/tendenciaseguranca.com.br\/home\/antecedente-criminal-impede-trabalho-como-seguranca-armado\/\" title=\"Antecedente criminal impede trabalho como seguran\u00e7a armado\" rel=\"bookmark\">Antecedente criminal impede trabalho como seguran\u00e7a armado<\/a>\n\t<\/h2>\n\n\t\n\t\n\t\n\t\n<\/div>\n<\/article><!-- #post-4755 -->\n\n<\/li><li class=\"fs-entry\">\n\n<article class=\"post post-4715 type-post status-publish format-standard has-post-thumbnail hentry category-noticias text-centered description-off\">\n\n\t<div class=\"blog-media wf-td\"><p><a href=\"http:\/\/tendenciaseguranca.com.br\/home\/arena-cross\/\" class=\"alignnone rollover\" ><img class=\"preload-me\" srcset=\"http:\/\/tendenciaseguranca.com.br\/home\/wp-content\/uploads\/2014\/02\/arena-cross-1-280x210.jpg 1x, http:\/\/tendenciaseguranca.com.br\/home\/wp-content\/uploads\/2014\/02\/arena-cross-1-560x420.jpg 2x\" alt=\"\" title=\"arena-cross-1\" width=\"280\" height=\"210\"  \/><\/a><\/p><\/div><div class=\"blog-content wf-td\">\n\n\t\t<h2 class=\"entry-title\">\n\t\t<a href=\"http:\/\/tendenciaseguranca.com.br\/home\/arena-cross\/\" title=\"Tend\u00eancia realiza a seguran\u00e7a do Arena Cross 2014\" rel=\"bookmark\">Tend\u00eancia realiza a seguran\u00e7a do Arena Cross 2014<\/a>\n\t<\/h2>\n\n\t\n\t\n\t\n\t\n<\/div>\n<\/article><!-- #post-4715 -->\n\n<\/li><\/ul><\/div><div class=\"prev\"><i><\/i><\/div><div class=\"next\"><i><\/i><\/div><\/div>[\/vc_column][\/vc_row]<\/p>\n","protected":false},"excerpt":{"rendered":"<p>[vc_row][vc_column][vc_empty_space height=&#8221;52px&#8221;][vc_empty_space][vc_column_text][\/vc_column_text][\/vc_column][\/vc_row][vc_row][vc_column][vc_empty_space height=&#8221;52px&#8221;][vc_empty_space][\/vc_column][\/vc_row]<\/p>\n","protected":false},"author":1,"featured_media":0,"parent":0,"menu_order":0,"comment_status":"closed","ping_status":"closed","template":"","meta":{"_joinchat":[]},"_links":{"self":[{"href":"http:\/\/tendenciaseguranca.com.br\/home\/wp-json\/wp\/v2\/pages\/257"}],"collection":[{"href":"http:\/\/tendenciaseguranca.com.br\/home\/wp-json\/wp\/v2\/pages"}],"about":[{"href":"http:\/\/tendenciaseguranca.com.br\/home\/wp-json\/wp\/v2\/types\/page"}],"author":[{"embeddable":true,"href":"http:\/\/tendenciaseguranca.com.br\/home\/wp-json\/wp\/v2\/users\/1"}],"replies":[{"embeddable":true,"href":"http:\/\/tendenciaseguranca.com.br\/home\/wp-json\/wp\/v2\/comments?post=257"}],"version-history":[{"count":39,"href":"http:\/\/tendenciaseguranca.com.br\/home\/wp-json\/wp\/v2\/pages\/257\/revisions"}],"predecessor-version":[{"id":4898,"href":"http:\/\/tendenciaseguranca.com.br\/home\/wp-json\/wp\/v2\/pages\/257\/revisions\/4898"}],"wp:attachment":[{"href":"http:\/\/tendenciaseguranca.com.br\/home\/wp-json\/wp\/v2\/media?parent=257"}],"curies":[{"name":"wp","href":"https:\/\/api.w.org\/{rel}","templated":true}]}}