{"id":4684,"date":"2014-07-03T13:17:07","date_gmt":"2014-07-03T16:17:07","guid":{"rendered":"http:\/\/tendenciaseguranca.com.br\/home\/?page_id=4684"},"modified":"2023-08-04T03:57:06","modified_gmt":"2023-08-04T06:57:06","slug":"empresa","status":"publish","type":"page","link":"http:\/\/tendenciaseguranca.com.br\/home\/empresa\/","title":{"rendered":"Empresa"},"content":{"rendered":"<p>[vc_row][vc_column][vc_column_text]<\/p>\n<div class=\"hr-thin\"><\/div>\n<h2>Empresa<\/h2>\n<p>A Tend\u00eancia Seguran\u00e7a \u00e9 uma empresa especializada em Vigil\u00e2ncia Patrimonial armada e desarmada, e seguran\u00e7a de eventos. Atuamos em todo o estado de Santa Catarina.<\/p>\n<p>Seguimos uma pol\u00edtica de qualidade moderna e arrojada, que visa superar as expectativas de nossos clientes desde o planejamento at\u00e9 a administra\u00e7\u00e3o dos servi\u00e7os.<\/p>\n<p>\u00c9 com esse objetivo que a Tend\u00eancia Seguran\u00e7a atua no mercado de vigil\u00e2ncia com compet\u00eancia operacional aliada \u00e0 efici\u00eancia t\u00e1tica e t\u00e9cnica, superando todas as expectativas de seus clientes.<\/p>\n<p>Atendemos empresas de pequeno, m\u00e9dio e grande porte, hospitais, universidades, shoppings centers, edif\u00edcios, condom\u00ednios e com\u00e9rcio em geral, tanto no setor p\u00fablico como privado.<\/p>\n<p>Nossa equipe \u00e9 formada por profissionais capacitados e treinados, formados em academias autorizadas pelo Minist\u00e9rio da Justi\u00e7a e fiscalizadas pelo Departamento de Pol\u00edcia Federal.<\/p>\n<p>Todos esse investimento \u00e9 realizados para atender com efici\u00eancia e qualidade nossos clientes.[\/vc_column_text][\/vc_column][\/vc_row]<\/p>\n","protected":false},"excerpt":{"rendered":"<p>[vc_row][vc_column][vc_column_text] Empresa A Tend\u00eancia Seguran\u00e7a \u00e9 uma empresa especializada em Vigil\u00e2ncia Patrimonial armada e desarmada, e seguran\u00e7a de eventos. Atuamos em todo o estado de Santa Catarina. Seguimos uma pol\u00edtica de qualidade moderna e arrojada, que visa superar as expectativas de nossos clientes desde o planejamento at\u00e9 a administra\u00e7\u00e3o dos servi\u00e7os. \u00c9 com esse objetivo&hellip;<\/p>\n","protected":false},"author":1,"featured_media":0,"parent":0,"menu_order":0,"comment_status":"closed","ping_status":"closed","template":"","meta":{"_joinchat":[]},"_links":{"self":[{"href":"http:\/\/tendenciaseguranca.com.br\/home\/wp-json\/wp\/v2\/pages\/4684"}],"collection":[{"href":"http:\/\/tendenciaseguranca.com.br\/home\/wp-json\/wp\/v2\/pages"}],"about":[{"href":"http:\/\/tendenciaseguranca.com.br\/home\/wp-json\/wp\/v2\/types\/page"}],"author":[{"embeddable":true,"href":"http:\/\/tendenciaseguranca.com.br\/home\/wp-json\/wp\/v2\/users\/1"}],"replies":[{"embeddable":true,"href":"http:\/\/tendenciaseguranca.com.br\/home\/wp-json\/wp\/v2\/comments?post=4684"}],"version-history":[{"count":7,"href":"http:\/\/tendenciaseguranca.com.br\/home\/wp-json\/wp\/v2\/pages\/4684\/revisions"}],"predecessor-version":[{"id":4921,"href":"http:\/\/tendenciaseguranca.com.br\/home\/wp-json\/wp\/v2\/pages\/4684\/revisions\/4921"}],"wp:attachment":[{"href":"http:\/\/tendenciaseguranca.com.br\/home\/wp-json\/wp\/v2\/media?parent=4684"}],"curies":[{"name":"wp","href":"https:\/\/api.w.org\/{rel}","templated":true}]}}