{"id":4687,"date":"2014-07-03T13:17:20","date_gmt":"2014-07-03T16:17:20","guid":{"rendered":"http:\/\/tendenciaseguranca.com.br\/home\/?page_id=4687"},"modified":"2023-08-04T04:30:53","modified_gmt":"2023-08-04T07:30:53","slug":"servicos","status":"publish","type":"page","link":"http:\/\/tendenciaseguranca.com.br\/home\/servicos\/","title":{"rendered":"Servi\u00e7os"},"content":{"rendered":"<p>[vc_row][vc_column width=&#8221;1\/2&#8243;][vc_column_text css_animation=&#8221;fadeIn&#8221;]<\/p>\n<div class=\"hr-thin\"><\/div>\n<h2>Vigil\u00e2ncia Patrimonial Armada e Desarmada<\/h2>\n<p>A Tend\u00eancia Seguran\u00e7a e Vigil\u00e2ncia \u00e9 registrada na Pol\u00edcia Federal de acordo com todas as exig\u00eancias do segmento.<\/p>\n<p>Realizamos o levantamento real da necessidade do cliente; nossa equipe t\u00e9cnica de especialistas em seguran\u00e7a ir\u00e1 trabalhar na elabora\u00e7\u00e3o do plano de seguran\u00e7a do local.<\/p>\n<p>Contamos com uma equipe de profissionais capacitados e treinados, investimos no desempenho de seus vigilantes, visando oferecer aos seus clientes prote\u00e7\u00e3o 24 horas ao seu patrim\u00f4nio<\/p>\n<ul>\n<li>Equipe uniformizada e devidamente identificada;<\/li>\n<li>Instrumental adequado e material necess\u00e1rio ao desempenho das atividades;<\/li>\n<li>Controle rigoroso para recrutamento de pessoal com\u00a0funcion\u00e1rios reservas;<\/li>\n<li>Reciclagem de funcion\u00e1rios atrav\u00e9s de cursos e testes aplicados.<\/li>\n<\/ul>\n<p>[\/vc_column_text][\/vc_column][vc_column width=&#8221;1\/2&#8243;][vc_single_image image=&#8221;4925&#8243; img_size=&#8221;full&#8221; alignment=&#8221;right&#8221; css_animation=&#8221;fadeInRight&#8221;][\/vc_column][\/vc_row][vc_row margin_bottom=&#8221;52&#8243;][vc_column][vc_empty_space height=&#8221;55px&#8221;]<section id=\"benefits-grid-1\" class=\"benefits-grid wf-container light-bg accent-hover-bg light-icon-color light-icon-hover-color static-line\" data-width=\"270px\" data-columns=\"4\"><style type=\"text\/css\">#benefits-grid-1 .benefits-grid-ico > .fa { font-size: 45px; line-height: 45px; }<\/style><div class=\"wf-cell\"><div><div class=\"text-big\"><div class=\"line-decoration\"><span class=\"benefits-grid-ico bounceInUp animate-element\"><img src=\"http:\/\/tendenciaseguranca.com.br\/home\/wp-content\/uploads\/2012\/09\/secure_2877983-e1691134275190.png\" width=\"50\" height=\"50\"  alt=\"\" \/><\/span><h5>Preven\u00e7\u00e3o<\/h5><\/div><p>Ado\u00e7\u00e3o de a\u00e7\u00f5es preventivas que visam reduzir a incid\u00eancia de determinados riscos;<\/p>\n<\/div><\/div><\/div><div class=\"wf-cell\"><div><div class=\"text-big\"><div class=\"line-decoration\"><span class=\"benefits-grid-ico bounceInUp animate-element\"><img src=\"http:\/\/tendenciaseguranca.com.br\/home\/wp-content\/uploads\/2012\/09\/fingerprint-identification_3924507-e1691134331785.png\" width=\"50\" height=\"50\"  alt=\"\" \/><\/span><h5>Controle<\/h5><\/div><p>Administrar entradas e sa\u00eddas de pessoas, objetos e ve\u00edculos em um per\u00edmetro determinado.<\/p>\n<\/div><\/div><\/div><div class=\"wf-cell\"><div><div class=\"text-big\"><div class=\"line-decoration\"><span class=\"benefits-grid-ico bounceInUp animate-element\"><img src=\"http:\/\/tendenciaseguranca.com.br\/home\/wp-content\/uploads\/2012\/09\/transparency_5576526-e1691134374116.png\" width=\"50\" height=\"50\"  alt=\"\" \/><\/span><h5>Detec\u00e7\u00e3o<\/h5><\/div><p>Identificar a quebra de normas e procedimentos, assim como a ocorr\u00eancia de poss\u00edveis infra\u00e7\u00f5es;<\/p>\n<\/div><\/div><\/div><div class=\"wf-cell\"><div><div class=\"text-big\"><div class=\"line-decoration\"><span class=\"benefits-grid-ico bounceInUp animate-element\"><img src=\"http:\/\/tendenciaseguranca.com.br\/home\/wp-content\/uploads\/2012\/09\/hacker_6852785-e1691134429316.png\" width=\"50\" height=\"50\"  alt=\"\" \/><\/span><h5>Interven\u00e7\u00e3o<\/h5><\/div><p>Reagir de forma planejada e padronizada em caso de riscos \u00e0 seguran\u00e7a de seu patrim\u00f4nio.<\/p>\n<\/div><\/div><\/div><\/section>[vc_empty_space height=&#8221;42px&#8221;][\/vc_column][\/vc_row][vc_row][vc_column width=&#8221;1\/2&#8243;][vc_single_image image=&#8221;4928&#8243; img_size=&#8221;full&#8221; alignment=&#8221;right&#8221; css_animation=&#8221;fadeInLeft&#8221;][\/vc_column][vc_column width=&#8221;1\/2&#8243;][vc_column_text css_animation=&#8221;fadeIn&#8221;]<\/p>\n<div class=\"hr-thin\"><\/div>\n<h2>Seguran\u00e7a de Eventos<\/h2>\n<p>Garanta o sucesso do seu evento. Oferecemos servi\u00e7os de seguran\u00e7a especializados para eventos corporativos, esportivos, culturais e sociais.<\/p>\n<p>Nossa equipe experiente e treinada trabalhaem estreita colabora\u00e7\u00e3o com voc\u00ea para entender as necessidades espec\u00edficas do evento e desenvolver um plano de seguran\u00e7a personalizado, que inclui a identifica\u00e7\u00e3o de potenciais riscos e a implementa\u00e7\u00e3o de medidas preventivas.<\/p>\n<p>Al\u00e9m de manter a ordem e a seguran\u00e7a no evento, estamos preparados para lidar com emerg\u00eancias e situa\u00e7\u00f5es inesperadas de forma r\u00e1pida e eficiente. Estamos equipados com sistemas de comunica\u00e7\u00e3o, para garantir uma resposta imediata em qualquer eventualidade.[\/vc_column_text][\/vc_column][\/vc_row]<\/p>\n","protected":false},"excerpt":{"rendered":"<p>[vc_row][vc_column width=&#8221;1\/2&#8243;][vc_column_text css_animation=&#8221;fadeIn&#8221;] Vigil\u00e2ncia Patrimonial Armada e Desarmada A Tend\u00eancia Seguran\u00e7a e Vigil\u00e2ncia \u00e9 registrada na Pol\u00edcia Federal de acordo com todas as exig\u00eancias do segmento. Realizamos o levantamento real da necessidade do cliente; nossa equipe t\u00e9cnica de especialistas em seguran\u00e7a ir\u00e1 trabalhar na elabora\u00e7\u00e3o do plano de seguran\u00e7a do local. Contamos com uma equipe&hellip;<\/p>\n","protected":false},"author":1,"featured_media":0,"parent":0,"menu_order":0,"comment_status":"closed","ping_status":"closed","template":"","meta":{"_joinchat":[]},"_links":{"self":[{"href":"http:\/\/tendenciaseguranca.com.br\/home\/wp-json\/wp\/v2\/pages\/4687"}],"collection":[{"href":"http:\/\/tendenciaseguranca.com.br\/home\/wp-json\/wp\/v2\/pages"}],"about":[{"href":"http:\/\/tendenciaseguranca.com.br\/home\/wp-json\/wp\/v2\/types\/page"}],"author":[{"embeddable":true,"href":"http:\/\/tendenciaseguranca.com.br\/home\/wp-json\/wp\/v2\/users\/1"}],"replies":[{"embeddable":true,"href":"http:\/\/tendenciaseguranca.com.br\/home\/wp-json\/wp\/v2\/comments?post=4687"}],"version-history":[{"count":31,"href":"http:\/\/tendenciaseguranca.com.br\/home\/wp-json\/wp\/v2\/pages\/4687\/revisions"}],"predecessor-version":[{"id":4932,"href":"http:\/\/tendenciaseguranca.com.br\/home\/wp-json\/wp\/v2\/pages\/4687\/revisions\/4932"}],"wp:attachment":[{"href":"http:\/\/tendenciaseguranca.com.br\/home\/wp-json\/wp\/v2\/media?parent=4687"}],"curies":[{"name":"wp","href":"https:\/\/api.w.org\/{rel}","templated":true}]}}